{"id":126,"date":"2020-05-15T19:50:49","date_gmt":"2020-05-15T17:50:49","guid":{"rendered":"http:\/\/magaliverdet.com\/?page_id=126"},"modified":"2020-07-09T10:30:11","modified_gmt":"2020-07-09T08:30:11","slug":"mentions-legales","status":"publish","type":"page","link":"https:\/\/magaliverdet.com\/index.php\/mentions-legales\/","title":{"rendered":"Mentions l\u00e9gales"},"content":{"rendered":"<p>[et_pb_section fb_built=\u00a0\u00bb1&Prime; _builder_version=\u00a0\u00bb3.7&Prime;][et_pb_row _builder_version=\u00a0\u00bb3.7&Prime;][et_pb_column type=\u00a0\u00bb4_4&Prime; _builder_version=\u00a0\u00bb3.7&Prime; parallax=\u00a0\u00bboff\u00a0\u00bb parallax_method=\u00a0\u00bbon\u00a0\u00bb][et_pb_text text_font_size=\u00a0\u00bb45px\u00a0\u00bb _builder_version=\u00a0\u00bb3.7&Prime; text_font=\u00a0\u00bbAdamina||||||||\u00a0\u00bb]<\/p>\n<p>Mentions l\u00e9gales\u00a0<\/p>\n<p>[\/et_pb_text][\/et_pb_column][\/et_pb_row][et_pb_row _builder_version=\u00a0\u00bb3.7&Prime;][et_pb_column type=\u00a0\u00bb4_4&Prime; _builder_version=\u00a0\u00bb3.7&Prime; parallax=\u00a0\u00bboff\u00a0\u00bb parallax_method=\u00a0\u00bbon\u00a0\u00bb][et_pb_text _builder_version=\u00a0\u00bb3.7&Prime;]<\/p>\n<p><strong>Pr\u00e9sentation du site\u00a0et informations administratives\u00a0:<\/strong><\/p>\n<p>Pour satisfaire aux dispositions de la loi pour la confiance dans l\u2019\u00e9conomie num\u00e9rique du 21 juin 2004, seront \u00e9nonc\u00e9es ci-apr\u00e8s les mentions l\u00e9gales requises afin de permettre l\u2019identification de l\u2019\u00e9diteur du pr\u00e9sent site Internet.<\/p>\n<p><strong><u>Propri\u00e9taire\u00a0:<\/u><\/strong><\/p>\n<p><strong>Editeur du site :<\/strong>\u00a0le site \u00ab\u00a0magali.verdet.com\u00a0\u00bb est \u00e9dit\u00e9 par Magali Verdet.\u00a0<\/p>\n<p>Micro-entreprise simplifi\u00e9e<\/p>\n<p><strong>SIRET :<\/strong> 79030992600018<\/p>\n<p><strong>Adresse du si\u00e8ge social\u00a0:<\/strong> 484 route d\u2019Isneauville 76\u00a0710 Bosc-Gu\u00e9rard St-Adrien<\/p>\n<p><strong>T\u00e9l\u00e9phone :<\/strong> +33 (0)6 76 90 32 26<\/p>\n<p><strong>Adresse mail\u00a0:<\/strong>\u00a0<a href=\"mailto:magver64@gmail.com\">magver64@gmail.com<\/a><\/p>\n<p><strong><u>Cr\u00e9ateur\u00a0:<\/u><\/strong>\u00a0Lisa Konieczny<\/p>\n<p><strong><u>H\u00e9bergement\u00a0:<\/u><\/strong><\/p>\n<p>Le site \u00ab\u00a0magali.verdet.com\u00a0\u00bb est h\u00e9berg\u00e9 en France sur les serveurs <a href=\"https:\/\/www.ovh.com\/fr\/\">OVH<\/a><\/p>\n<p><strong>SIRET\u00a0:<\/strong> 42476141900045<\/p>\n<p><strong>RCS\u00a0:<\/strong> Lille M\u00e9tropole<\/p>\n<p><strong>N\u00b0 TVA intercommunautaire :<\/strong> FR22424761419<\/p>\n<p>2 rue Kellermann<br \/>59100 Roubaix<\/p>\n<p>T\u00e9l. : +33 (0)9 72 10 10 07<\/p>\n<p>&nbsp;<\/p>\n<p><strong>2.Conditions g\u00e9n\u00e9rales d\u2019utilisation du site et de services propos\u00e9s<\/strong><\/p>\n<p><strong>\u00a0<\/strong><\/p>\n<p><strong><u>Protection des donn\u00e9es personnelles<\/u><\/strong><\/p>\n<p><strong><u>\u00a0<\/u><\/strong><\/p>\n<p>L\u2019utilisation du pr\u00e9sent site implique la connaissance et l\u2019acceptation par l\u2019internaute des caract\u00e9ristiques et des limites de l\u2019Internet et des technologies qui y sont li\u00e9es.\u00a0Il ne saura \u00eatre tenu pour responsable en cas de mauvaise utilisation ou d\u2019incident li\u00e9 \u00e0 l\u2019utilisation de l\u2019ordinateur, de l\u2019acc\u00e8s \u00e0 Internet, de la ligne t\u00e9l\u00e9phonique ou de toute autre connexion technique.<\/p>\n<p>En application de la loi Informatique et Libert\u00e9s du 6 janvier 1978, vous disposez \u00e0 tout moment d\u2019un droit d\u2019acc\u00e8s et de modification sur les donn\u00e9es personnelles vous concernant en faisant la demande par\u00a0mail. Les donn\u00e9es personnelles collect\u00e9es via le formulaire de contact sont uniquement destin\u00e9es \u00e0 un usage interne.\u00a0 \u00ab\u00a0magali.verdet.com\u00a0\u00bb\u00a0s\u2019engage \u00e0 ne pas communiquer, gratuitement ou avec contrepartie, les coordonn\u00e9es de ses clients \u00e0 un tiers. Les informations recueillies par le biais du formulaire de contact sont destin\u00e9es \u00e0 avoir un \u00e9change t\u00e9l\u00e9phonique ou par messagerie \u00e9lectronique avec les personnes concern\u00e9es, notamment pour r\u00e9pondre \u00e0 leur demande.<\/p>\n<p>&nbsp;<\/p>\n<p><strong><u>Liens<\/u><\/strong><\/p>\n<p><strong><u>\u00a0<\/u><\/strong><\/p>\n<p>Le site\u00a0\u00ab\u00a0magali.verdet.com\u00a0\u00bb contient un certain nombre de liens hypertextes vers d\u2019autres sites mis en place avec l\u2019autorisation des propri\u00e9taires des sites. Les liens avec des sites ext\u00e9rieurs ne sont fournis qu&rsquo;\u00e0 titre de commodit\u00e9 et n&rsquo;impliquent aucune caution quant \u00e0 leur contenu. Le site \u00ab\u00a0magaliverdet.com\u00a0\u00bb ne peut \u00eatre tenu responsable du fonctionnement des sites mentionn\u00e9s, ainsi que des dommages de toutes natures pouvant \u00eatre subis par l\u2019internaute \u00e0 l\u2019occasion d\u2019une visite de ces sites.<\/p>\n<p>&nbsp;<\/p>\n<p>&nbsp;<\/p>\n<p><strong><u>Cookies<\/u><\/strong><\/p>\n<p>&nbsp;<\/p>\n<p>L\u2019utilisateur est inform\u00e9 que lors de ses visites sur le site\u00a0\u00ab\u00a0magali.verdet.com\u00a0\u00bb un ou des cookies sont susceptibles de s\u2019installer automatiquement sur son ordinateur. Les cookies sont des petits fichiers texte que votre navigateur re\u00e7oit de notre serveur pour y stocker vos pr\u00e9f\u00e9rences. \u00ab\u00a0magali.verdet.com\u00a0\u00bb n&rsquo;utilise aucun cookie sur ce site en dehors de ceux inclus par l&rsquo;h\u00e9bergeur pour informations trafic.<\/p>\n<p>&nbsp;<\/p>\n<p><strong><u>Cr\u00e9dits et Reproduction<\/u><\/strong><\/p>\n<p><strong><u>\u00a0<\/u><\/strong><\/p>\n<p>La pr\u00e9sentation et le contenu du site sont prot\u00e9g\u00e9s par la loi fran\u00e7aise et les lois internationales de protection de la propri\u00e9t\u00e9 intellectuelle. Toute utilisation ou reproduction m\u00eame partielle des \u00e9l\u00e9ments de ce site est strictement interdite sans accord \u00e9crit et pr\u00e9alable de\u00a0\u00bbmagali.verdet.com\u00a0\u00bb. Les textes sont la propri\u00e9t\u00e9 de Magali Verdet.\u00a0Les images et illustrations utilis\u00e9es sont r\u00e9alis\u00e9es par Magali Verdet ou trouv\u00e9es sur des banques d&rsquo;images libres de droits et\/ou soumises \u00e0 conditions.<br \/>(* Voir ci-dessous pour plus de d\u00e9tails.)<\/p>\n<p>&nbsp;<\/p>\n<p>* Cr\u00e9dits photos :\u00a0 <a href=\"https:\/\/unsplash.com\/\">https:\/\/unsplash.com<\/a><\/p>\n<p>[\/et_pb_text][\/et_pb_column][\/et_pb_row][\/et_pb_section]<\/p>\n","protected":false},"excerpt":{"rendered":"<p>[et_pb_section fb_built=\u00a0\u00bb1&Prime; _builder_version=\u00a0\u00bb3.7&Prime;][et_pb_row _builder_version=\u00a0\u00bb3.7&Prime;][et_pb_column type=\u00a0\u00bb4_4&Prime; _builder_version=\u00a0\u00bb3.7&Prime; parallax=\u00a0\u00bboff\u00a0\u00bb parallax_method=\u00a0\u00bbon\u00a0\u00bb][et_pb_text text_font_size=\u00a0\u00bb45px\u00a0\u00bb _builder_version=\u00a0\u00bb3.7&Prime; text_font=\u00a0\u00bbAdamina||||||||\u00a0\u00bb] Mentions l\u00e9gales\u00a0 [\/et_pb_text][\/et_pb_column][\/et_pb_row][et_pb_row _builder_version=\u00a0\u00bb3.7&Prime;][et_pb_column type=\u00a0\u00bb4_4&Prime; _builder_version=\u00a0\u00bb3.7&Prime; parallax=\u00a0\u00bboff\u00a0\u00bb parallax_method=\u00a0\u00bbon\u00a0\u00bb][et_pb_text _builder_version=\u00a0\u00bb3.7&Prime;] Pr\u00e9sentation du site\u00a0et informations administratives\u00a0: Pour satisfaire aux dispositions de la loi pour la confiance dans l\u2019\u00e9conomie num\u00e9rique du 21 juin 2004, seront \u00e9nonc\u00e9es ci-apr\u00e8s les mentions l\u00e9gales requises afin de permettre l\u2019identification de l\u2019\u00e9diteur [&hellip;]<\/p>\n","protected":false},"author":1,"featured_media":0,"parent":0,"menu_order":0,"comment_status":"closed","ping_status":"closed","template":"","meta":[],"_links":{"self":[{"href":"https:\/\/magaliverdet.com\/index.php\/wp-json\/wp\/v2\/pages\/126"}],"collection":[{"href":"https:\/\/magaliverdet.com\/index.php\/wp-json\/wp\/v2\/pages"}],"about":[{"href":"https:\/\/magaliverdet.com\/index.php\/wp-json\/wp\/v2\/types\/page"}],"author":[{"embeddable":true,"href":"https:\/\/magaliverdet.com\/index.php\/wp-json\/wp\/v2\/users\/1"}],"replies":[{"embeddable":true,"href":"https:\/\/magaliverdet.com\/index.php\/wp-json\/wp\/v2\/comments?post=126"}],"version-history":[{"count":3,"href":"https:\/\/magaliverdet.com\/index.php\/wp-json\/wp\/v2\/pages\/126\/revisions"}],"predecessor-version":[{"id":310,"href":"https:\/\/magaliverdet.com\/index.php\/wp-json\/wp\/v2\/pages\/126\/revisions\/310"}],"wp:attachment":[{"href":"https:\/\/magaliverdet.com\/index.php\/wp-json\/wp\/v2\/media?parent=126"}],"curies":[{"name":"wp","href":"https:\/\/api.w.org\/{rel}","templated":true}]}}