{"id":12,"date":"2020-05-15T19:22:25","date_gmt":"2020-05-15T17:22:25","guid":{"rendered":"http:\/\/magaliverdet.com\/?page_id=12"},"modified":"2020-10-24T12:44:35","modified_gmt":"2020-10-24T10:44:35","slug":"accueil","status":"publish","type":"page","link":"https:\/\/magaliverdet.com\/","title":{"rendered":"Accueil"},"content":{"rendered":"<p>[et_pb_section fb_built=\u00a0\u00bb1&Prime; custom_padding_last_edited=\u00a0\u00bbon|tablet\u00a0\u00bb admin_label=\u00a0\u00bbHero\u00a0\u00bb _builder_version=\u00a0\u00bb3.7&Prime; background_color_gradient_direction=\u00a0\u00bb90deg\u00a0\u00bb custom_margin=\u00a0\u00bb|||\u00a0\u00bb custom_padding=\u00a0\u00bb0|0px|0px|0px|false|false\u00a0\u00bb custom_padding_tablet=\u00a0\u00bb0vw|||\u00a0\u00bb][et_pb_row use_custom_width=\u00a0\u00bbon\u00a0\u00bb width_unit=\u00a0\u00bboff\u00a0\u00bb custom_width_percent=\u00a0\u00bb100%\u00a0\u00bb custom_padding=\u00a0\u00bb30px|0|30px|0|true|true\u00a0\u00bb make_equal=\u00a0\u00bbon\u00a0\u00bb bg_img_1=\u00a0\u00bbhttp:\/\/magaliverdet.com\/wp-content\/uploads\/2020\/05\/lisheng-chang-pQB76-hsbeo-unsplash-2-1-scaled.jpg\u00a0\u00bb background_color_gradient_start_1=\u00a0\u00bbrgba(222,213,216,0.1)\u00a0\u00bb background_color_gradient_end_1=\u00a0\u00bbrgba(222,213,216,0.7)\u00a0\u00bb background_color_gradient_direction_1=\u00a0\u00bb30deg\u00a0\u00bb background_color_gradient_overlays_image_1=\u00a0\u00bbon\u00a0\u00bb padding_top_2=\u00a0\u00bb10vw\u00a0\u00bb padding_bottom_2=\u00a0\u00bb10vw\u00a0\u00bb padding_2_tablet=\u00a0\u00bb|10%||10%||true\u00a0\u00bb padding_2_last_edited=\u00a0\u00bbon|tablet\u00a0\u00bb disabled_on=\u00a0\u00bboff|off|off\u00a0\u00bb _builder_version=\u00a0\u00bb3.7&Prime;][et_pb_column type=\u00a0\u00bb1_2&Prime; _builder_version=\u00a0\u00bb3.0.47&Prime; bg_img=\u00a0\u00bbhttp:\/\/magaliverdet.com\/wp-content\/uploads\/2020\/05\/lisheng-chang-pQB76-hsbeo-unsplash-2-1-scaled.jpg\u00a0\u00bb parallax=\u00a0\u00bboff\u00a0\u00bb parallax_method=\u00a0\u00bbon\u00a0\u00bb background_color_gradient_start=\u00a0\u00bbrgba(222,213,216,0.1)\u00a0\u00bb background_color_gradient_end=\u00a0\u00bbrgba(222,213,216,0.7)\u00a0\u00bb background_color_gradient_direction=\u00a0\u00bb30deg\u00a0\u00bb background_color_gradient_overlays_image=\u00a0\u00bbon\u00a0\u00bb][et_pb_divider show_divider=\u00a0\u00bboff\u00a0\u00bb height=\u00a0\u00bb20vw\u00a0\u00bb _builder_version=\u00a0\u00bb3.7&Prime;][\/et_pb_divider][\/et_pb_column][et_pb_column type=\u00a0\u00bb1_2&Prime; _builder_version=\u00a0\u00bb3.0.47&Prime; padding_tablet=\u00a0\u00bb|10%||10%||true\u00a0\u00bb padding_last_edited=\u00a0\u00bbon|tablet\u00a0\u00bb padding_bottom=\u00a0\u00bb10vw\u00a0\u00bb padding_top=\u00a0\u00bb10vw\u00a0\u00bb parallax=\u00a0\u00bboff\u00a0\u00bb parallax_method=\u00a0\u00bbon\u00a0\u00bb][et_pb_text _builder_version=\u00a0\u00bb3.7&Prime; text_font=\u00a0\u00bb||||||||\u00a0\u00bb text_font_size=\u00a0\u00bb16px\u00a0\u00bb text_line_height=\u00a0\u00bb2em\u00a0\u00bb header_font=\u00a0\u00bbOswald|500||on|||||\u00a0\u00bb header_font_size=\u00a0\u00bb6vw\u00a0\u00bb header_font_size_tablet=\u00a0\u00bb70px\u00a0\u00bb header_font_size_phone=\u00a0\u00bb40px\u00a0\u00bb header_font_size_last_edited=\u00a0\u00bbon|desktop\u00a0\u00bb header_letter_spacing=\u00a0\u00bb0.05em\u00a0\u00bb header_line_height=\u00a0\u00bb1.2em\u00a0\u00bb header_line_height_phone=\u00a0\u00bb1.5em\u00a0\u00bb header_line_height_last_edited=\u00a0\u00bbon|phone\u00a0\u00bb header_5_font=\u00a0\u00bbRoboto|700||on|||||\u00a0\u00bb header_5_text_color=\u00a0\u00bb#898ea2&Prime; header_5_font_size=\u00a0\u00bb26px\u00a0\u00bb header_5_font_size_phone=\u00a0\u00bb18px\u00a0\u00bb header_5_font_size_last_edited=\u00a0\u00bbon|phone\u00a0\u00bb header_5_letter_spacing=\u00a0\u00bb10px\u00a0\u00bb header_5_line_height=\u00a0\u00bb1.4em\u00a0\u00bb header_6_font=\u00a0\u00bbRoboto|700||on|||||\u00a0\u00bb header_6_text_color=\u00a0\u00bb#d39b86&Prime; header_6_font_size=\u00a0\u00bb16px\u00a0\u00bb header_6_letter_spacing=\u00a0\u00bb5px\u00a0\u00bb header_6_line_height=\u00a0\u00bb1.5em\u00a0\u00bb text_orientation=\u00a0\u00bbright\u00a0\u00bb custom_margin=\u00a0\u00bb|10vw|10vw|-20vw\u00a0\u00bb custom_margin_tablet=\u00a0\u00bb|0%||0%||true\u00a0\u00bb custom_margin_phone=\u00a0\u00bb|||\u00a0\u00bb custom_margin_last_edited=\u00a0\u00bbon|tablet\u00a0\u00bb custom_padding=\u00a0\u00bb|||\u00a0\u00bb custom_padding_last_edited=\u00a0\u00bboff|desktop\u00a0\u00bb animation_style=\u00a0\u00bbslide\u00a0\u00bb animation_direction=\u00a0\u00bbleft\u00a0\u00bb animation_intensity_slide=\u00a0\u00bb2%\u00a0\u00bb locked=\u00a0\u00bboff\u00a0\u00bb]<\/p>\n<h5><span style=\"font-size: xx-large;\"><strong><span style=\"color: #922f33; font-family: Georgia;\">magali verdet<\/span><\/strong><\/span><\/h5>\n<h1><span style=\"color: #f4b644; font-family: inherit; font-weight: normal;\">C\u00c9L\u00c9BRANTE DE VIE<\/span><\/h1>\n<h6><span style=\"font-size: xx-large;\"><span style=\"color: #922f33; font-family: Georgia;\">C\u00c9L\u00c9BRER VOTRE HISTOIRE<\/span><\/span><\/h6>\n<p>[\/et_pb_text][et_pb_button button_url=\u00a0\u00bbhttp:\/\/magaliverdet.com\/index.php\/a-propos\/\u00a0\u00bb button_text=\u00a0\u00bbEN SAVOIR PLUS SUR MOI\u00a0\u00bb button_alignment=\u00a0\u00bbleft\u00a0\u00bb _builder_version=\u00a0\u00bb3.7&Prime; custom_button=\u00a0\u00bbon\u00a0\u00bb button_text_size=\u00a0\u00bb14px\u00a0\u00bb button_text_color=\u00a0\u00bb#e09900&Prime; button_bg_color=\u00a0\u00bb#fff2d2&Prime; button_border_width=\u00a0\u00bb12px\u00a0\u00bb button_border_color=\u00a0\u00bbrgba(0,0,0,0)\u00a0\u00bb button_border_radius=\u00a0\u00bb0px\u00a0\u00bb button_letter_spacing=\u00a0\u00bb5px\u00a0\u00bb button_font=\u00a0\u00bbAdamina|||on|||||\u00a0\u00bb button_text_color_hover=\u00a0\u00bb#ffffff\u00a0\u00bb button_bg_color_hover=\u00a0\u00bb#c9b7bd\u00a0\u00bb button_border_color_hover=\u00a0\u00bb#c9b7bd\u00a0\u00bb custom_margin=\u00a0\u00bb|||\u00a0\u00bb custom_margin_tablet=\u00a0\u00bb30px|||\u00a0\u00bb custom_margin_phone=\u00a0\u00bb|||\u00a0\u00bb custom_margin_last_edited=\u00a0\u00bboff|desktop\u00a0\u00bb custom_padding=\u00a0\u00bb|||\u00a0\u00bb animation_style=\u00a0\u00bbslide\u00a0\u00bb animation_direction=\u00a0\u00bbright\u00a0\u00bb animation_intensity_slide=\u00a0\u00bb20%\u00a0\u00bb locked=\u00a0\u00bboff\u00a0\u00bb][\/et_pb_button][et_pb_image src=\u00a0\u00bbhttp:\/\/magaliverdet.com\/wp-content\/uploads\/2020\/06\/LOGO.png\u00a0\u00bb _builder_version=\u00a0\u00bb3.7&Prime; max_width=\u00a0\u00bb37%\u00a0\u00bb module_alignment=\u00a0\u00bbcenter\u00a0\u00bb][\/et_pb_image][\/et_pb_column][\/et_pb_row][\/et_pb_section][et_pb_section fb_built=\u00a0\u00bb1&Prime; _builder_version=\u00a0\u00bb3.7&Prime; background_color=\u00a0\u00bb#fff8ed\u00a0\u00bb custom_padding=\u00a0\u00bb50px|0|49px|0px|false|false\u00a0\u00bb][et_pb_row custom_padding=\u00a0\u00bb0|0px|0|0px|false|false\u00a0\u00bb _builder_version=\u00a0\u00bb3.7&Prime;][et_pb_column type=\u00a0\u00bb4_4&Prime; _builder_version=\u00a0\u00bb3.0.47&Prime; parallax=\u00a0\u00bboff\u00a0\u00bb parallax_method=\u00a0\u00bbon\u00a0\u00bb][et_pb_text _builder_version=\u00a0\u00bb3.7&Prime; text_font=\u00a0\u00bbGeorgia|||||on|||\u00a0\u00bb text_font_size=\u00a0\u00bb31px\u00a0\u00bb]<\/p>\n<p style=\"text-align: center;\"><span style=\"color: #922f33;\"><b>La <span style=\"color: #f4b644;\">richesse <\/span>d\u2019une vie se r\u00e9v\u00e8le par nos histoires,<\/b><\/span><\/p>\n<p style=\"text-align: center;\"><b><span style=\"color: #922f33;\">Nous vivons les choses pour se les <span style=\"color: #f4b644;\">raconter<\/span><\/span><\/b><\/p>\n<p>[\/et_pb_text][\/et_pb_column][\/et_pb_row][\/et_pb_section][et_pb_section fb_built=\u00a0\u00bb1&Prime; _builder_version=\u00a0\u00bb3.7&Prime; custom_padding=\u00a0\u00bb50px|0px|50px|0px|false|false\u00a0\u00bb][et_pb_row use_custom_width=\u00a0\u00bbon\u00a0\u00bb width_unit=\u00a0\u00bboff\u00a0\u00bb custom_width_percent=\u00a0\u00bb79%\u00a0\u00bb custom_padding=\u00a0\u00bb0|0|0|0px|false|false\u00a0\u00bb bg_img_2=\u00a0\u00bbhttp:\/\/magaliverdet.com\/wp-content\/uploads\/2020\/05\/ray-hennessy-qZzJoiKHqmo-unsplash-scaled.jpg\u00a0\u00bb background_size_2=\u00a0\u00bbcontain\u00a0\u00bb background_position_2=\u00a0\u00bbcenter\u00a0\u00bb background_repeat_2=\u00a0\u00bbrepeat\u00a0\u00bb background_blend_2=\u00a0\u00bbnormal\u00a0\u00bb _builder_version=\u00a0\u00bb3.7&Prime;][et_pb_column type=\u00a0\u00bb1_2&Prime; _builder_version=\u00a0\u00bb3.0.47&Prime; parallax=\u00a0\u00bboff\u00a0\u00bb parallax_method=\u00a0\u00bbon\u00a0\u00bb][et_pb_text _builder_version=\u00a0\u00bb3.7&Prime; text_font=\u00a0\u00bbAdamina||||||||\u00a0\u00bb text_text_color=\u00a0\u00bb#922f33&Prime; text_font_size=\u00a0\u00bb17px\u00a0\u00bb text_line_height=\u00a0\u00bb3em\u00a0\u00bb]<\/p>\n<p style=\"text-align: justify;\"><span>De nos jours,\u00a0<\/span><strong><span>la c\u00e9r\u00e9monie la\u00efque<\/span><\/strong><span>\u00a0permet de passer\u00a0<\/span><strong><span>un moment privil\u00e9gi\u00e9<\/span><\/strong><span>\u00a0avec notre famille et nos proches afin de leur transmettre ce que vous voulez c\u00e9l\u00e9brer. <o:p><\/o:p><\/span><\/p>\n<p style=\"text-align: justify;\"><span>L\u2019\u00e9laboration peut \u00eatre intime, mais la c\u00e9r\u00e9monie devient un\u00a0<\/span><strong><span>rite de passage<\/span><\/strong><span>\u00a0vers le\u00a0<\/span><strong><span>partage<\/span><\/strong><span>\u00a0de son histoire, de sa\u00a0<\/span><strong><span>singularit\u00e9<\/span><\/strong><span>\u00a0offerte \u00e0 la communaut\u00e9. <o:p><\/o:p><\/span><\/p>\n<p style=\"text-align: justify;\"><span>J\u2019adapterai cette c\u00e9r\u00e9monie au cadre que vous avez choisi et je la cr\u00e9erai pour qu\u2019elle\u00a0<\/span><strong><span>vous ressemble<\/span><\/strong><span>.<o:p><\/o:p><\/span><\/p>\n<p style=\"text-align: justify;\"><span>Je m\u2019efforcerai de mettre en sc\u00e8ne\u00a0<\/span><strong><span>vos r\u00eaves et souhaits.<\/span><\/strong><span><o:p><\/o:p><\/span><\/p>\n<p style=\"text-align: justify;\"><span>Avec\u00a0<\/span><strong><span>joie et naturel<\/span><\/strong><span>, nous valoriserons ensemble cette atmosph\u00e8re si particuli\u00e8re qu\u2019offre une c\u00e9r\u00e9monie la\u00efque, d\u00e9licat m\u00e9lange entre un acte solennel et une\u00a0<\/span><strong><span>cr\u00e9ation unique<\/span><\/strong><span>\u00a0pleine de sensibilit\u00e9 et d\u2019\u00e9motion qui\u00a0<\/span><strong><span>nous relie aux autres et \u00e0 notre culture.<\/span><\/strong><span><o:p><\/o:p><\/span><\/p>\n<p>&nbsp;<\/p>\n<p>[\/et_pb_text][\/et_pb_column][et_pb_column type=\u00a0\u00bb1_2&Prime; _builder_version=\u00a0\u00bb3.0.47&Prime; bg_img=\u00a0\u00bbhttp:\/\/magaliverdet.com\/wp-content\/uploads\/2020\/05\/ray-hennessy-qZzJoiKHqmo-unsplash-scaled.jpg\u00a0\u00bb parallax=\u00a0\u00bboff\u00a0\u00bb parallax_method=\u00a0\u00bbon\u00a0\u00bb background_size=\u00a0\u00bbcontain\u00a0\u00bb background_position=\u00a0\u00bbcenter\u00a0\u00bb background_repeat=\u00a0\u00bbrepeat\u00a0\u00bb background_blend=\u00a0\u00bbnormal\u00a0\u00bb][et_pb_image src=\u00a0\u00bbhttp:\/\/magaliverdet.com\/wp-content\/uploads\/2020\/05\/ray-hennessy-qZzJoiKHqmo-unsplash-scaled.jpg\u00a0\u00bb align=\u00a0\u00bbright\u00a0\u00bb _builder_version=\u00a0\u00bb3.7&Prime;][\/et_pb_image][\/et_pb_column][\/et_pb_row][\/et_pb_section][et_pb_section fb_built=\u00a0\u00bb1&Prime; admin_label=\u00a0\u00bbGallery\u00a0\u00bb _builder_version=\u00a0\u00bb3.7&Prime; background_image=\u00a0\u00bbhttp:\/\/magaliverdet.com\/wp-content\/uploads\/2020\/05\/natalie-grainger-8uB5kFKWWkk-unsplash-scaled.jpg\u00a0\u00bb custom_padding=\u00a0\u00bb150px|0px|150px|0px|false|false\u00a0\u00bb][et_pb_row _builder_version=\u00a0\u00bb3.7&Prime;][et_pb_column type=\u00a0\u00bb4_4&Prime; _builder_version=\u00a0\u00bb3.0.47&Prime; parallax=\u00a0\u00bboff\u00a0\u00bb parallax_method=\u00a0\u00bbon\u00a0\u00bb][et_pb_text _builder_version=\u00a0\u00bb3.7&Prime; text_font=\u00a0\u00bb||||||||\u00a0\u00bb text_text_color=\u00a0\u00bb#000000&Prime; header_font=\u00a0\u00bb||||||||\u00a0\u00bb header_2_font=\u00a0\u00bbOswald|500||on|||||\u00a0\u00bb header_2_text_align=\u00a0\u00bbcenter\u00a0\u00bb header_2_font_size=\u00a0\u00bb60px\u00a0\u00bb header_2_font_size_tablet=\u00a0\u00bb60px\u00a0\u00bb header_2_font_size_phone=\u00a0\u00bb30px\u00a0\u00bb header_2_font_size_last_edited=\u00a0\u00bbon|phone\u00a0\u00bb header_2_letter_spacing=\u00a0\u00bb2px\u00a0\u00bb header_2_line_height=\u00a0\u00bb1.5em\u00a0\u00bb header_5_font=\u00a0\u00bbOswald|||on|||||\u00a0\u00bb header_5_text_color=\u00a0\u00bb#898ea2&Prime; header_5_font_size=\u00a0\u00bb18px\u00a0\u00bb header_5_letter_spacing=\u00a0\u00bb3px\u00a0\u00bb header_5_line_height=\u00a0\u00bb1.5em\u00a0\u00bb header_5_line_height_last_edited=\u00a0\u00bboff|desktop\u00a0\u00bb text_orientation=\u00a0\u00bbcenter\u00a0\u00bb background_layout=\u00a0\u00bbdark\u00a0\u00bb max_width=\u00a0\u00bb800px\u00a0\u00bb module_alignment=\u00a0\u00bbcenter\u00a0\u00bb locked=\u00a0\u00bboff\u00a0\u00bb]<\/p>\n<h5><\/h5>\n<h2><span style=\"color: #ffffff; font-family: Georgia;\">c\u00e9l\u00e9brons ensemble<\/span><\/h2>\n<p>[\/et_pb_text][et_pb_button button_url=\u00a0\u00bbhttp:\/\/magaliverdet.com\/index.php\/travailler-avec-moi\/\u00a0\u00bb button_text=\u00a0\u00bbMa vision\u00a0\u00bb button_alignment=\u00a0\u00bbcenter\u00a0\u00bb _builder_version=\u00a0\u00bb3.7&Prime; custom_button=\u00a0\u00bbon\u00a0\u00bb button_text_size=\u00a0\u00bb14px\u00a0\u00bb button_text_color=\u00a0\u00bb#000000&Prime; button_bg_color=\u00a0\u00bb#ffffff\u00a0\u00bb button_border_width=\u00a0\u00bb14px\u00a0\u00bb button_border_color=\u00a0\u00bb#ffffff\u00a0\u00bb button_border_radius=\u00a0\u00bb0px\u00a0\u00bb button_letter_spacing=\u00a0\u00bb5px\u00a0\u00bb button_font=\u00a0\u00bbAdamina|700||on|||||\u00a0\u00bb custom_margin=\u00a0\u00bb|||\u00a0\u00bb custom_margin_tablet=\u00a0\u00bb30px|||\u00a0\u00bb custom_margin_phone=\u00a0\u00bb|||\u00a0\u00bb custom_margin_last_edited=\u00a0\u00bboff|desktop\u00a0\u00bb custom_padding=\u00a0\u00bb|||\u00a0\u00bb locked=\u00a0\u00bboff\u00a0\u00bb][\/et_pb_button][\/et_pb_column][\/et_pb_row][\/et_pb_section][et_pb_section fb_built=\u00a0\u00bb1&Prime; _builder_version=\u00a0\u00bb3.7&Prime;][et_pb_row _builder_version=\u00a0\u00bb3.7&Prime;][et_pb_column type=\u00a0\u00bb1_2&Prime; _builder_version=\u00a0\u00bb3.7&Prime; parallax=\u00a0\u00bboff\u00a0\u00bb parallax_method=\u00a0\u00bbon\u00a0\u00bb][et_pb_image align=\u00a0\u00bbcenter\u00a0\u00bb src=\u00a0\u00bbhttp:\/\/magaliverdet.com\/wp-content\/uploads\/2020\/10\/image000004.jpg\u00a0\u00bb _builder_version=\u00a0\u00bb3.7&Prime;][\/et_pb_image][et_pb_text text_font_size=\u00a0\u00bb17px\u00a0\u00bb text_line_height=\u00a0\u00bb1.8em\u00a0\u00bb text_orientation=\u00a0\u00bbjustified\u00a0\u00bb _builder_version=\u00a0\u00bb3.7&Prime; text_font=\u00a0\u00bbGeorgia||||||||\u00a0\u00bb]<\/p>\n<p>\u00ab\u00a0Tout le monde \u00e0 ador\u00e9 et \u00e0 \u00e9t\u00e9 \u00e9mu. Cela a permis \u00e0 nos familles de mieux nous d\u00e9couvrir, de conna\u00eetre notre histoire, tout le monde est heureux pour nous.<br \/> C&rsquo;\u00e9tait vraiment trop beau, nous en gardons un souvenir inoubliable.<\/p>\n<p>Nous vous souhaitons une tr\u00e8s belle continuation et pleins de bonnes choses \u00e0 venir..\u00a0\u00bb<\/p>\n<p style=\"text-align: right;\">Gilian et Julien<\/p>\n<p>[\/et_pb_text][\/et_pb_column][et_pb_column type=\u00a0\u00bb1_2&Prime; _builder_version=\u00a0\u00bb3.7&Prime; parallax=\u00a0\u00bboff\u00a0\u00bb parallax_method=\u00a0\u00bbon\u00a0\u00bb][et_pb_image align=\u00a0\u00bbcenter\u00a0\u00bb src=\u00a0\u00bbhttp:\/\/magaliverdet.com\/wp-content\/uploads\/2020\/10\/image000003.jpg\u00a0\u00bb _builder_version=\u00a0\u00bb3.7&Prime;][\/et_pb_image][et_pb_text text_font_size=\u00a0\u00bb17px\u00a0\u00bb text_line_height=\u00a0\u00bb2.2em\u00a0\u00bb text_orientation=\u00a0\u00bbjustified\u00a0\u00bb _builder_version=\u00a0\u00bb3.7&Prime; text_font=\u00a0\u00bbGeorgia||||||||\u00a0\u00bb]<\/p>\n<p>Nous nous remettons petit \u00e0 petit de nos \u00e9motions. Nous nous rappellerons de vous toute notre vie.<\/p>\n<p>Je vous remercie.<\/p>\n<p style=\"text-align: right;\">M\u00e9lanie<\/p>\n<p>[\/et_pb_text][\/et_pb_column][\/et_pb_row][\/et_pb_section][et_pb_section fb_built=\u00a0\u00bb1&Prime; custom_padding_last_edited=\u00a0\u00bboff|desktop\u00a0\u00bb admin_label=\u00a0\u00bbFooter\u00a0\u00bb _builder_version=\u00a0\u00bb3.7&Prime; background_color=\u00a0\u00bb#fff8ed\u00a0\u00bb background_color_gradient_direction=\u00a0\u00bb90deg\u00a0\u00bb custom_padding=\u00a0\u00bb0|0px|0|0px|false|false\u00a0\u00bb custom_padding_tablet=\u00a0\u00bb0px|||\u00a0\u00bb custom_padding_phone=\u00a0\u00bb0px|||\u00a0\u00bb][et_pb_row use_custom_width=\u00a0\u00bbon\u00a0\u00bb width_unit=\u00a0\u00bboff\u00a0\u00bb custom_width_percent=\u00a0\u00bb100%\u00a0\u00bb custom_padding=\u00a0\u00bb188px|40px|188px|40px|true|true\u00a0\u00bb custom_padding_phone=\u00a0\u00bb60px||60px||true\u00a0\u00bb custom_padding_last_edited=\u00a0\u00bbon|phone\u00a0\u00bb _builder_version=\u00a0\u00bb3.7&Prime; background_color_gradient_direction=\u00a0\u00bb90deg\u00a0\u00bb background_image=\u00a0\u00bbhttp:\/\/magaliverdet.com\/wp-content\/uploads\/2020\/05\/joanna-kosinska-3BgkveM3y_k-unsplash-scaled.jpg\u00a0\u00bb background_position=\u00a0\u00bbbottom_center\u00a0\u00bb animation_style=\u00a0\u00bbslide\u00a0\u00bb animation_direction=\u00a0\u00bbbottom\u00a0\u00bb animation_intensity_slide=\u00a0\u00bb20%\u00a0\u00bb animation_starting_opacity=\u00a0\u00bb100%\u00a0\u00bb][et_pb_column type=\u00a0\u00bb4_4&Prime; _builder_version=\u00a0\u00bb3.0.47&Prime; parallax=\u00a0\u00bboff\u00a0\u00bb parallax_method=\u00a0\u00bbon\u00a0\u00bb][et_pb_text _builder_version=\u00a0\u00bb3.7&Prime; text_font=\u00a0\u00bb||||||||\u00a0\u00bb text_text_color=\u00a0\u00bb#000000&Prime; header_font=\u00a0\u00bb||||||||\u00a0\u00bb header_2_font=\u00a0\u00bbOswald|500||on|||||\u00a0\u00bb header_2_text_align=\u00a0\u00bbcenter\u00a0\u00bb header_2_font_size=\u00a0\u00bb60px\u00a0\u00bb header_2_font_size_tablet=\u00a0\u00bb60px\u00a0\u00bb header_2_font_size_phone=\u00a0\u00bb30px\u00a0\u00bb header_2_font_size_last_edited=\u00a0\u00bbon|phone\u00a0\u00bb header_2_letter_spacing=\u00a0\u00bb2px\u00a0\u00bb header_2_line_height=\u00a0\u00bb1.5em\u00a0\u00bb header_5_font=\u00a0\u00bbOswald|||on|||||\u00a0\u00bb header_5_font_size=\u00a0\u00bb18px\u00a0\u00bb header_5_letter_spacing=\u00a0\u00bb3px\u00a0\u00bb header_5_line_height=\u00a0\u00bb1.5em\u00a0\u00bb header_5_line_height_last_edited=\u00a0\u00bboff|desktop\u00a0\u00bb text_orientation=\u00a0\u00bbcenter\u00a0\u00bb background_layout=\u00a0\u00bbdark\u00a0\u00bb max_width=\u00a0\u00bb800px\u00a0\u00bb module_alignment=\u00a0\u00bbcenter\u00a0\u00bb]<\/p>\n<h5><\/h5>\n<h2><span style=\"color: #922f33; font-family: inherit;\">contactez &#8211; moi<\/span><\/h2>\n<p>[\/et_pb_text][et_pb_button button_url=\u00a0\u00bbhttp:\/\/magaliverdet.com\/index.php\/contact\/\u00a0\u00bb button_text=\u00a0\u00bballons-y\u00a0\u00bb button_alignment=\u00a0\u00bbcenter\u00a0\u00bb _builder_version=\u00a0\u00bb3.7&Prime; custom_button=\u00a0\u00bbon\u00a0\u00bb button_text_size=\u00a0\u00bb14px\u00a0\u00bb button_text_color=\u00a0\u00bb#000000&Prime; button_bg_color=\u00a0\u00bb#ffffff\u00a0\u00bb button_border_width=\u00a0\u00bb15px\u00a0\u00bb button_border_color=\u00a0\u00bb#ffffff\u00a0\u00bb button_border_radius=\u00a0\u00bb0px\u00a0\u00bb button_letter_spacing=\u00a0\u00bb5px\u00a0\u00bb button_font=\u00a0\u00bbAdamina|700||on|||||\u00a0\u00bb custom_margin=\u00a0\u00bb|||\u00a0\u00bb custom_margin_tablet=\u00a0\u00bb30px|||\u00a0\u00bb custom_margin_phone=\u00a0\u00bb|||\u00a0\u00bb custom_margin_last_edited=\u00a0\u00bboff|desktop\u00a0\u00bb custom_padding=\u00a0\u00bb|||\u00a0\u00bb][\/et_pb_button][\/et_pb_column][\/et_pb_row][\/et_pb_section]<\/p>\n","protected":false},"excerpt":{"rendered":"<p>[et_pb_section fb_built=\u00a0\u00bb1&Prime; custom_padding_last_edited=\u00a0\u00bbon|tablet\u00a0\u00bb admin_label=\u00a0\u00bbHero\u00a0\u00bb _builder_version=\u00a0\u00bb3.7&Prime; background_color_gradient_direction=\u00a0\u00bb90deg\u00a0\u00bb custom_margin=\u00a0\u00bb|||\u00a0\u00bb custom_padding=\u00a0\u00bb0|0px|0px|0px|false|false\u00a0\u00bb custom_padding_tablet=\u00a0\u00bb0vw|||\u00a0\u00bb][et_pb_row use_custom_width=\u00a0\u00bbon\u00a0\u00bb width_unit=\u00a0\u00bboff\u00a0\u00bb custom_width_percent=\u00a0\u00bb100%\u00a0\u00bb custom_padding=\u00a0\u00bb30px|0|30px|0|true|true\u00a0\u00bb make_equal=\u00a0\u00bbon\u00a0\u00bb bg_img_1=\u00a0\u00bbhttp:\/\/magaliverdet.com\/wp-content\/uploads\/2020\/05\/lisheng-chang-pQB76-hsbeo-unsplash-2-1-scaled.jpg\u00a0\u00bb background_color_gradient_start_1=\u00a0\u00bbrgba(222,213,216,0.1)\u00a0\u00bb background_color_gradient_end_1=\u00a0\u00bbrgba(222,213,216,0.7)\u00a0\u00bb background_color_gradient_direction_1=\u00a0\u00bb30deg\u00a0\u00bb background_color_gradient_overlays_image_1=\u00a0\u00bbon\u00a0\u00bb padding_top_2=\u00a0\u00bb10vw\u00a0\u00bb padding_bottom_2=\u00a0\u00bb10vw\u00a0\u00bb padding_2_tablet=\u00a0\u00bb|10%||10%||true\u00a0\u00bb padding_2_last_edited=\u00a0\u00bbon|tablet\u00a0\u00bb disabled_on=\u00a0\u00bboff|off|off\u00a0\u00bb _builder_version=\u00a0\u00bb3.7&Prime;][et_pb_column type=\u00a0\u00bb1_2&Prime; _builder_version=\u00a0\u00bb3.0.47&Prime; bg_img=\u00a0\u00bbhttp:\/\/magaliverdet.com\/wp-content\/uploads\/2020\/05\/lisheng-chang-pQB76-hsbeo-unsplash-2-1-scaled.jpg\u00a0\u00bb parallax=\u00a0\u00bboff\u00a0\u00bb parallax_method=\u00a0\u00bbon\u00a0\u00bb background_color_gradient_start=\u00a0\u00bbrgba(222,213,216,0.1)\u00a0\u00bb background_color_gradient_end=\u00a0\u00bbrgba(222,213,216,0.7)\u00a0\u00bb background_color_gradient_direction=\u00a0\u00bb30deg\u00a0\u00bb background_color_gradient_overlays_image=\u00a0\u00bbon\u00a0\u00bb][et_pb_divider show_divider=\u00a0\u00bboff\u00a0\u00bb height=\u00a0\u00bb20vw\u00a0\u00bb _builder_version=\u00a0\u00bb3.7&Prime;][\/et_pb_divider][\/et_pb_column][et_pb_column type=\u00a0\u00bb1_2&Prime; _builder_version=\u00a0\u00bb3.0.47&Prime; padding_tablet=\u00a0\u00bb|10%||10%||true\u00a0\u00bb padding_last_edited=\u00a0\u00bbon|tablet\u00a0\u00bb padding_bottom=\u00a0\u00bb10vw\u00a0\u00bb padding_top=\u00a0\u00bb10vw\u00a0\u00bb parallax=\u00a0\u00bboff\u00a0\u00bb parallax_method=\u00a0\u00bbon\u00a0\u00bb][et_pb_text _builder_version=\u00a0\u00bb3.7&Prime; text_font=\u00a0\u00bb||||||||\u00a0\u00bb text_font_size=\u00a0\u00bb16px\u00a0\u00bb text_line_height=\u00a0\u00bb2em\u00a0\u00bb header_font=\u00a0\u00bbOswald|500||on|||||\u00a0\u00bb header_font_size=\u00a0\u00bb6vw\u00a0\u00bb header_font_size_tablet=\u00a0\u00bb70px\u00a0\u00bb header_font_size_phone=\u00a0\u00bb40px\u00a0\u00bb header_font_size_last_edited=\u00a0\u00bbon|desktop\u00a0\u00bb header_letter_spacing=\u00a0\u00bb0.05em\u00a0\u00bb [&hellip;]<\/p>\n","protected":false},"author":1,"featured_media":0,"parent":0,"menu_order":0,"comment_status":"closed","ping_status":"closed","template":"","meta":[],"_links":{"self":[{"href":"https:\/\/magaliverdet.com\/index.php\/wp-json\/wp\/v2\/pages\/12"}],"collection":[{"href":"https:\/\/magaliverdet.com\/index.php\/wp-json\/wp\/v2\/pages"}],"about":[{"href":"https:\/\/magaliverdet.com\/index.php\/wp-json\/wp\/v2\/types\/page"}],"author":[{"embeddable":true,"href":"https:\/\/magaliverdet.com\/index.php\/wp-json\/wp\/v2\/users\/1"}],"replies":[{"embeddable":true,"href":"https:\/\/magaliverdet.com\/index.php\/wp-json\/wp\/v2\/comments?post=12"}],"version-history":[{"count":33,"href":"https:\/\/magaliverdet.com\/index.php\/wp-json\/wp\/v2\/pages\/12\/revisions"}],"predecessor-version":[{"id":328,"href":"https:\/\/magaliverdet.com\/index.php\/wp-json\/wp\/v2\/pages\/12\/revisions\/328"}],"wp:attachment":[{"href":"https:\/\/magaliverdet.com\/index.php\/wp-json\/wp\/v2\/media?parent=12"}],"curies":[{"name":"wp","href":"https:\/\/api.w.org\/{rel}","templated":true}]}}